{"id":619,"date":"2025-02-24T13:39:43","date_gmt":"2025-02-24T13:39:43","guid":{"rendered":"https:\/\/festivalpacodeluciamallorca.com\/footer-copy\/"},"modified":"2026-03-05T15:06:15","modified_gmt":"2026-03-05T15:06:15","slug":"footer-copy","status":"publish","type":"page","link":"https:\/\/festivalpacodeluciamallorca.com\/ca\/footer-copy\/","title":{"rendered":"Footer Copy"},"content":{"rendered":"","protected":false},"excerpt":{"rendered":"","protected":false},"author":1,"featured_media":0,"parent":0,"menu_order":1,"comment_status":"closed","ping_status":"closed","template":"","meta":[],"class_list":["post-619","page","type-page","status-publish","hentry"],"yoast_head":"<!-- This site is optimized with the Yoast SEO plugin v27.4 - https:\/\/yoast.com\/product\/yoast-seo-wordpress\/ -->\n<title>Footer Copy - Festival Paco de Luc\u00eda Mallorca<\/title>\n<meta name=\"robots\" content=\"index, follow, max-snippet:-1, max-image-preview:large, max-video-preview:-1\" \/>\n<link rel=\"canonical\" href=\"https:\/\/festivalpacodeluciamallorca.com\/ca\/footer-copy\/\" \/>\n<meta property=\"og:locale\" content=\"ca_ES\" \/>\n<meta property=\"og:type\" content=\"article\" \/>\n<meta property=\"og:title\" content=\"Footer Copy - Festival Paco de Luc\u00eda Mallorca\" \/>\n<meta property=\"og:url\" content=\"https:\/\/festivalpacodeluciamallorca.com\/ca\/footer-copy\/\" \/>\n<meta property=\"og:site_name\" content=\"Festival Paco de Luc\u00eda Mallorca\" \/>\n<meta property=\"article:publisher\" content=\"https:\/\/www.facebook.com\/festivalpacodeluciamallorca\" \/>\n<meta property=\"article:modified_time\" content=\"2026-03-05T15:06:15+00:00\" \/>\n<meta name=\"twitter:card\" content=\"summary_large_image\" \/>\n<meta name=\"twitter:label1\" content=\"Est. reading time\" \/>\n\t<meta name=\"twitter:data1\" content=\"1 minute\" \/>\n<script type=\"application\/ld+json\" class=\"yoast-schema-graph\">{\"@context\":\"https:\\\/\\\/schema.org\",\"@graph\":[{\"@type\":\"WebPage\",\"@id\":\"https:\\\/\\\/festivalpacodeluciamallorca.com\\\/ca\\\/footer-copy\\\/\",\"url\":\"https:\\\/\\\/festivalpacodeluciamallorca.com\\\/ca\\\/footer-copy\\\/\",\"name\":\"Footer Copy - Festival Paco de Luc\u00eda Mallorca\",\"isPartOf\":{\"@id\":\"https:\\\/\\\/festivalpacodeluciamallorca.com\\\/ca\\\/#website\"},\"datePublished\":\"2025-02-24T13:39:43+00:00\",\"dateModified\":\"2026-03-05T15:06:15+00:00\",\"breadcrumb\":{\"@id\":\"https:\\\/\\\/festivalpacodeluciamallorca.com\\\/ca\\\/footer-copy\\\/#breadcrumb\"},\"inLanguage\":\"ca-ES\",\"potentialAction\":[{\"@type\":\"ReadAction\",\"target\":[[\"https:\\\/\\\/festivalpacodeluciamallorca.com\\\/ca\\\/footer-copy\\\/\"]]}]},{\"@type\":\"BreadcrumbList\",\"@id\":\"https:\\\/\\\/festivalpacodeluciamallorca.com\\\/ca\\\/footer-copy\\\/#breadcrumb\",\"itemListElement\":[{\"@type\":\"ListItem\",\"position\":1,\"name\":\"Portada\",\"item\":\"https:\\\/\\\/festivalpacodeluciamallorca.com\\\/ca\\\/\"},{\"@type\":\"ListItem\",\"position\":2,\"name\":\"Footer Copy\"}]},{\"@type\":\"WebSite\",\"@id\":\"https:\\\/\\\/festivalpacodeluciamallorca.com\\\/ca\\\/#website\",\"url\":\"https:\\\/\\\/festivalpacodeluciamallorca.com\\\/ca\\\/\",\"name\":\"Festival Paco de Luc\u00eda Mallorca\",\"description\":\"[:es]EDICI\u00d3N IV 2025[:ca]EDICI\u00d3 IV 2025[:]\",\"publisher\":{\"@id\":\"https:\\\/\\\/festivalpacodeluciamallorca.com\\\/ca\\\/#organization\"},\"potentialAction\":[{\"@type\":\"SearchAction\",\"target\":{\"@type\":\"EntryPoint\",\"urlTemplate\":\"https:\\\/\\\/festivalpacodeluciamallorca.com\\\/ca\\\/?s={search_term_string}\"},\"query-input\":{\"@type\":\"PropertyValueSpecification\",\"valueRequired\":true,\"valueName\":\"search_term_string\"}}],\"inLanguage\":\"ca-ES\"},{\"@type\":\"Organization\",\"@id\":\"https:\\\/\\\/festivalpacodeluciamallorca.com\\\/ca\\\/#organization\",\"name\":\"Fundaci\u00f3n Paco de Luc\u00eda\",\"url\":\"https:\\\/\\\/festivalpacodeluciamallorca.com\\\/ca\\\/\",\"logo\":{\"@type\":\"ImageObject\",\"inLanguage\":\"ca-ES\",\"@id\":\"https:\\\/\\\/festivalpacodeluciamallorca.com\\\/ca\\\/#\\\/schema\\\/logo\\\/image\\\/\",\"url\":\"https:\\\/\\\/festivalpacodeluciamallorca.com\\\/wp-content\\\/uploads\\\/2022\\\/01\\\/5-2.png\",\"contentUrl\":\"https:\\\/\\\/festivalpacodeluciamallorca.com\\\/wp-content\\\/uploads\\\/2022\\\/01\\\/5-2.png\",\"width\":500,\"height\":200,\"caption\":\"Fundaci\u00f3n Paco de Luc\u00eda\"},\"image\":{\"@id\":\"https:\\\/\\\/festivalpacodeluciamallorca.com\\\/ca\\\/#\\\/schema\\\/logo\\\/image\\\/\"},\"sameAs\":[\"https:\\\/\\\/www.facebook.com\\\/festivalpacodeluciamallorca\",\"https:\\\/\\\/www.instagram.com\\\/festivalpacodeluciamallorca\\\/\"]}]}<\/script>\n<!-- \/ Yoast SEO plugin. -->","yoast_head_json":{"title":"Footer Copy - Festival Paco de Luc\u00eda Mallorca","robots":{"index":"index","follow":"follow","max-snippet":"max-snippet:-1","max-image-preview":"max-image-preview:large","max-video-preview":"max-video-preview:-1"},"canonical":"https:\/\/festivalpacodeluciamallorca.com\/ca\/footer-copy\/","og_locale":"ca_ES","og_type":"article","og_title":"Footer Copy - Festival Paco de Luc\u00eda Mallorca","og_url":"https:\/\/festivalpacodeluciamallorca.com\/ca\/footer-copy\/","og_site_name":"Festival Paco de Luc\u00eda Mallorca","article_publisher":"https:\/\/www.facebook.com\/festivalpacodeluciamallorca","article_modified_time":"2026-03-05T15:06:15+00:00","twitter_card":"summary_large_image","twitter_misc":{"Est. reading time":"1 minute"},"schema":{"@context":"https:\/\/schema.org","@graph":[{"@type":"WebPage","@id":"https:\/\/festivalpacodeluciamallorca.com\/ca\/footer-copy\/","url":"https:\/\/festivalpacodeluciamallorca.com\/ca\/footer-copy\/","name":"Footer Copy - Festival Paco de Luc\u00eda Mallorca","isPartOf":{"@id":"https:\/\/festivalpacodeluciamallorca.com\/ca\/#website"},"datePublished":"2025-02-24T13:39:43+00:00","dateModified":"2026-03-05T15:06:15+00:00","breadcrumb":{"@id":"https:\/\/festivalpacodeluciamallorca.com\/ca\/footer-copy\/#breadcrumb"},"inLanguage":"ca-ES","potentialAction":[{"@type":"ReadAction","target":[["https:\/\/festivalpacodeluciamallorca.com\/ca\/footer-copy\/"]]}]},{"@type":"BreadcrumbList","@id":"https:\/\/festivalpacodeluciamallorca.com\/ca\/footer-copy\/#breadcrumb","itemListElement":[{"@type":"ListItem","position":1,"name":"Portada","item":"https:\/\/festivalpacodeluciamallorca.com\/ca\/"},{"@type":"ListItem","position":2,"name":"Footer Copy"}]},{"@type":"WebSite","@id":"https:\/\/festivalpacodeluciamallorca.com\/ca\/#website","url":"https:\/\/festivalpacodeluciamallorca.com\/ca\/","name":"Festival Paco de Luc\u00eda Mallorca","description":"[:es]EDICI\u00d3N IV 2025[:ca]EDICI\u00d3 IV 2025[:]","publisher":{"@id":"https:\/\/festivalpacodeluciamallorca.com\/ca\/#organization"},"potentialAction":[{"@type":"SearchAction","target":{"@type":"EntryPoint","urlTemplate":"https:\/\/festivalpacodeluciamallorca.com\/ca\/?s={search_term_string}"},"query-input":{"@type":"PropertyValueSpecification","valueRequired":true,"valueName":"search_term_string"}}],"inLanguage":"ca-ES"},{"@type":"Organization","@id":"https:\/\/festivalpacodeluciamallorca.com\/ca\/#organization","name":"Fundaci\u00f3n Paco de Luc\u00eda","url":"https:\/\/festivalpacodeluciamallorca.com\/ca\/","logo":{"@type":"ImageObject","inLanguage":"ca-ES","@id":"https:\/\/festivalpacodeluciamallorca.com\/ca\/#\/schema\/logo\/image\/","url":"https:\/\/festivalpacodeluciamallorca.com\/wp-content\/uploads\/2022\/01\/5-2.png","contentUrl":"https:\/\/festivalpacodeluciamallorca.com\/wp-content\/uploads\/2022\/01\/5-2.png","width":500,"height":200,"caption":"Fundaci\u00f3n Paco de Luc\u00eda"},"image":{"@id":"https:\/\/festivalpacodeluciamallorca.com\/ca\/#\/schema\/logo\/image\/"},"sameAs":["https:\/\/www.facebook.com\/festivalpacodeluciamallorca","https:\/\/www.instagram.com\/festivalpacodeluciamallorca\/"]}]}},"grid":"{\"colCount\":21,\"colGutter\":24,\"rowGutters\":[80,24,12,12],\"frameMargin\":5,\"leftFrameMargin\":12,\"rightFrameMargin\":12,\"topFrameMargin\":0,\"mus\":{\"colGutterMu\":\"px\",\"rowGutterMu\":\"px\",\"topFrameMu\":\"px\",\"bottomFrameMu\":\"px\",\"frameMu\":\"px\"},\"bottomFrameMargin\":24,\"rowAttrs\":[{\"relid\":4},{\"row100vh\":false,\"rowcustomheight\":\"30vh\",\"relid\":12},{\"relid\":8},{\"relid\":10},{\"relid\":1}],\"bgColor\":null,\"bgImage\":null,\"cont\":[{\"type\":\"hr\",\"cont\":\"\",\"align\":\"middle\",\"row\":0,\"col\":0,\"colspan\":21,\"offsetx\":0,\"offsety\":0,\"spaceabove\":0,\"spacebelow\":0,\"yvel\":1,\"push\":0,\"relid\":5,\"absolute_position\":false,\"frameOverflow\":\"both\"},{\"type\":\"text\",\"cont\":\"<p><span style=\\\"color: #fffff8;\\\"><a style=\\\"color: #fffff8;\\\" rel=\\\"noopener\\\" href=\\\"https:\/\/us22.campaign-archive.com\/home\/?u=15fbc58369710190871a6979e&amp;id=6998e22609\\\" target=\\\"_blank\\\">SUBSCRIU-TE a la newsletter\\u00a0\\u2192 <\/a><\/span><\/p>\",\"align\":\"top\",\"row\":1,\"col\":1,\"colspan\":6,\"offsetx\":0,\"offsety\":0,\"spaceabove\":0,\"spacebelow\":0,\"yvel\":1,\"push\":1,\"relid\":13,\"absolute_position\":true,\"dosync\":false},{\"type\":\"text\",\"cont\":\"<p><span><span style=\\\"color: #fffff8;\\\"><a rel=\\\"noopener\\\" href=\\\"https:\/\/www.instagram.com\/festivalpacodeluciamallorca\\\" target=\\\"_blank\\\">I. @festivalpacodeluciamallorca<\/a><\/span><br \/>t. +34 630 444 869<br \/><span style=\\\"color: #fffff8;\\\">m. <a style=\\\"color: #fffff8;\\\" href=\\\"mailto:solbescos@gmail.com\\\">solbescos@gmail.com<\/a><\/span><\/span><\/p>\",\"align\":\"top\",\"row\":1,\"col\":11,\"colspan\":7,\"offsetx\":0,\"offsety\":0,\"spaceabove\":0,\"spacebelow\":0,\"yvel\":1,\"push\":11,\"relid\":14,\"absolute_position\":true,\"frameOverflow\":\"\",\"dosync\":false},{\"type\":\"img\",\"cont\":\"\/wp-content\/uploads\/2026\/03\/FooterWeb2026-FINAL-DefMarzo2.png\",\"align\":\"middle\",\"row\":2,\"col\":0,\"colspan\":21,\"offsetx\":0,\"offsety\":0,\"spaceabove\":0,\"spacebelow\":0,\"yvel\":1,\"push\":0,\"relid\":9,\"attid\":746,\"sizes\":{\"full\":\"\/wp-content\/uploads\/2026\/03\/FooterWeb2026-FINAL-DefMarzo2.png\",\"_4096\":\"\/wp-content\/uploads\/2026\/03\/FooterWeb2026-FINAL-DefMarzo2-4096x2757.png\",\"_3840\":\"\/wp-content\/uploads\/2026\/03\/FooterWeb2026-FINAL-DefMarzo2-3840x2585.png\",\"_3200\":\"\/wp-content\/uploads\/2026\/03\/FooterWeb2026-FINAL-DefMarzo2-3200x2154.png\",\"_2560\":\"\/wp-content\/uploads\/2026\/03\/FooterWeb2026-FINAL-DefMarzo2-2560x1723.png\",\"_1920\":\"\/wp-content\/uploads\/2026\/03\/FooterWeb2026-FINAL-DefMarzo2-1920x1292.png\",\"_1280\":\"\/wp-content\/uploads\/2026\/03\/FooterWeb2026-FINAL-DefMarzo2-1280x862.png\",\"_1024\":\"\/wp-content\/uploads\/2026\/03\/FooterWeb2026-FINAL-DefMarzo2-1024x689.png\",\"_768\":\"\/wp-content\/uploads\/2026\/03\/FooterWeb2026-FINAL-DefMarzo2-768x517.png\",\"_512\":\"\/wp-content\/uploads\/2026\/03\/FooterWeb2026-FINAL-DefMarzo2-512x345.png\",\"_265\":\"\/wp-content\/uploads\/2026\/03\/FooterWeb2026-FINAL-DefMarzo2-265x178.png\"},\"w\":8254,\"h\":5556,\"ar\":0.6731281802762297,\"alt\":\"\",\"absolute_position\":false,\"frameOverflow\":\"\",\"dosync\":false,\"textOnElement\":{\"topLeft\":\"\",\"topCenter\":\"\",\"topRight\":\"\",\"leftCenter\":\"\",\"centerCenter\":\"\",\"rightCenter\":\"\",\"bottomLeft\":\"\",\"bottomCenter\":\"\",\"bottomRight\":\"\",\"spaceLeftRight\":10,\"spaceLeftRightMu\":\"px\",\"spaceTopBottom\":10,\"spaceTopBottomMu\":\"px\",\"enableSpacePhone\":false,\"spaceLeftRightPhone\":10,\"spaceLeftRightPhoneMu\":\"px\",\"spaceTopBottomPhone\":10,\"spaceTopBottomPhoneMu\":\"px\",\"verticalOffsetCenter\":0,\"verticalOffsetCenterMu\":\"px\",\"verticalOffsetCenterPhone\":0,\"verticalOffsetCenterPhoneMu\":\"px\",\"darkGradientAtTop\":false,\"darkGradientAtBottom\":false,\"darkGradientAtTopColor\":\"#000000\",\"darkGradientAtBottomColor\":\"#000000\"}},{\"type\":\"hr\",\"cont\":\"\",\"align\":\"middle\",\"row\":3,\"col\":0,\"colspan\":21,\"offsetx\":0,\"offsety\":0,\"spaceabove\":0,\"spacebelow\":0,\"yvel\":1,\"push\":0,\"relid\":11,\"absolute_position\":false,\"frameOverflow\":\"both\",\"html_id\":\"cierre\",\"classes\":\"cierre\"},{\"type\":\"text\",\"cont\":\"<p class=\\\"p1\\\"><span class=\\\"s1\\\" style=\\\"font-size: 11px; color: #cd9a95;\\\">\\u00a92026 festival paco de luc\\u00eda mallorca<\/span><\/p>\",\"align\":\"middle\",\"row\":4,\"col\":0,\"colspan\":10,\"offsetx\":0,\"offsety\":0,\"spaceabove\":0,\"spacebelow\":0,\"yvel\":1,\"push\":0,\"relid\":2,\"absolute_position\":false,\"frameOverflow\":\"\",\"dosync\":false},{\"type\":\"text\",\"cont\":\"<p class=\\\"p1\\\" style=\\\"text-align: right;\\\"><a rel=\\\"noopener\\\" href=\\\"https:\/\/www.luziaconzeta.net\\\" target=\\\"_blank\\\"><span class=\\\"s1\\\" style=\\\"font-size: 11px; color: #cd9a95;\\\">DISSENY PER luz\\u00eda<\/span><\/a><\/p>\",\"align\":\"top\",\"row\":4,\"col\":11,\"colspan\":10,\"offsetx\":0,\"offsety\":0,\"spaceabove\":0,\"spacebelow\":0,\"yvel\":1,\"push\":1,\"relid\":3,\"absolute_position\":false,\"dosync\":false,\"frameOverflow\":\"\"}]}","phonegrid":"{\"colCount\":12,\"colGutter\":1,\"rowGutters\":[\"10\",5,\"20\",\"10\",\"2\",\"2\",\"2\"],\"frameMargin\":5,\"topFrameMargin\":\"2\",\"rightFrameMargin\":\"2\",\"bottomFrameMargin\":\"2\",\"leftFrameMargin\":\"2\",\"mus\":{\"colGutterMu\":\"%\",\"rowGutterMu\":\"%\",\"topFrameMu\":\"%\",\"bottomFrameMu\":\"%\",\"frameMu\":\"%\"},\"rowAttrs\":[{\"relid\":6},{\"relid\":7},{\"relid\":15},{\"relid\":16},{\"relid\":17},{\"relid\":18},{\"relid\":20},{\"relid\":19}],\"bgColor\":null,\"bgImage\":null,\"cont\":[{\"type\":\"hr\",\"cont\":\"\",\"align\":\"bottom\",\"row\":0,\"col\":0,\"colspan\":12,\"offsetx\":0,\"offsety\":0,\"spaceabove\":0,\"spacebelow\":0,\"yvel\":1,\"push\":0,\"relid\":5,\"absolute_position\":false,\"frameOverflow\":\"both\"},{\"type\":\"text\",\"cont\":\"<p><span style=\\\"color: #fffff8;\\\"><a style=\\\"color: #fffff8;\\\" rel=\\\"noopener\\\" href=\\\"https:\/\/us22.campaign-archive.com\/home\/?u=15fbc58369710190871a6979e&amp;id=6998e22609\\\" target=\\\"_blank\\\"><span style=\\\"font-size: 14px;\\\">SUBSCRIU-TE a la newsletter\\u00a0\\u2192 <\/span><\/a><\/span><\/p>\",\"align\":\"top\",\"row\":1,\"col\":1,\"colspan\":11,\"offsetx\":0,\"offsety\":0,\"spaceabove\":0,\"spacebelow\":0,\"yvel\":1,\"push\":1,\"relid\":13,\"absolute_position\":false,\"dosync\":false,\"frameOverflow\":\"\"},{\"type\":\"text\",\"cont\":\"<p><span style=\\\"font-size: 14px;\\\">I. <a rel=\\\"noopener\\\" href=\\\"https:\/\/www.instagram.com\/festivalpacodeluciamallorca\/\\\" target=\\\"_blank\\\">@festivalpacodeluciamallorca<\/a><br \/>t. +34 630 444 869<br \/><span style=\\\"color: #fffff8;\\\">m. <a style=\\\"color: #fffff8;\\\" href=\\\"mailto:solbescos@gmail.com\\\">solbescos@gmail.com<\/a><\/span><\/span><\/p>\",\"align\":\"bottom\",\"row\":2,\"col\":1,\"colspan\":11,\"offsetx\":0,\"offsety\":0,\"spaceabove\":0,\"spacebelow\":0,\"yvel\":1,\"push\":1,\"relid\":14,\"absolute_position\":false,\"dosync\":false,\"frameOverflow\":\"\"},{\"type\":\"img\",\"cont\":\"\/wp-content\/uploads\/2026\/03\/FooterWeb2026-FINALMobile-DefMarzo2.png\",\"align\":\"top\",\"row\":3,\"col\":0,\"colspan\":12,\"offsetx\":0,\"offsety\":0,\"spaceabove\":0,\"spacebelow\":0,\"yvel\":1,\"push\":0,\"relid\":9,\"attid\":747,\"sizes\":{\"full\":\"\/wp-content\/uploads\/2026\/03\/FooterWeb2026-FINALMobile-DefMarzo2.png\",\"_4096\":\"\/wp-content\/uploads\/2026\/03\/FooterWeb2026-FINALMobile-DefMarzo2-4096x2744.png\",\"_3840\":\"\/wp-content\/uploads\/2026\/03\/FooterWeb2026-FINALMobile-DefMarzo2-3840x2573.png\",\"_3200\":\"\/wp-content\/uploads\/2026\/03\/FooterWeb2026-FINALMobile-DefMarzo2-3200x2144.png\",\"_2560\":\"\/wp-content\/uploads\/2026\/03\/FooterWeb2026-FINALMobile-DefMarzo2-2560x1715.png\",\"_1920\":\"\/wp-content\/uploads\/2026\/03\/FooterWeb2026-FINALMobile-DefMarzo2-1920x1286.png\",\"_1280\":\"\/wp-content\/uploads\/2026\/03\/FooterWeb2026-FINALMobile-DefMarzo2-1280x858.png\",\"_1024\":\"\/wp-content\/uploads\/2026\/03\/FooterWeb2026-FINALMobile-DefMarzo2-1024x686.png\",\"_768\":\"\/wp-content\/uploads\/2026\/03\/FooterWeb2026-FINALMobile-DefMarzo2-768x515.png\",\"_512\":\"\/wp-content\/uploads\/2026\/03\/FooterWeb2026-FINALMobile-DefMarzo2-512x343.png\",\"_265\":\"\/wp-content\/uploads\/2026\/03\/FooterWeb2026-FINALMobile-DefMarzo2-265x178.png\"},\"w\":7904,\"h\":5296,\"ar\":0.6700404858299596,\"alt\":\"\",\"absolute_position\":false,\"dosync\":false,\"textOnElement\":{\"topLeft\":\"\",\"topCenter\":\"\",\"topRight\":\"\",\"leftCenter\":\"\",\"centerCenter\":\"\",\"rightCenter\":\"\",\"bottomLeft\":\"\",\"bottomCenter\":\"\",\"bottomRight\":\"\",\"spaceLeftRight\":10,\"spaceLeftRightMu\":\"px\",\"spaceTopBottom\":10,\"spaceTopBottomMu\":\"px\",\"enableSpacePhone\":false,\"spaceLeftRightPhone\":10,\"spaceLeftRightPhoneMu\":\"px\",\"spaceTopBottomPhone\":10,\"spaceTopBottomPhoneMu\":\"px\",\"verticalOffsetCenter\":0,\"verticalOffsetCenterMu\":\"px\",\"verticalOffsetCenterPhone\":0,\"verticalOffsetCenterPhoneMu\":\"px\",\"darkGradientAtTop\":false,\"darkGradientAtBottom\":false,\"darkGradientAtTopColor\":\"#000000\",\"darkGradientAtBottomColor\":\"#000000\"}},{\"type\":\"hr\",\"cont\":\"\",\"align\":\"bottom\",\"row\":4,\"col\":0,\"colspan\":12,\"offsetx\":0,\"offsety\":0,\"spaceabove\":0,\"spacebelow\":0,\"yvel\":1,\"push\":0,\"relid\":11,\"absolute_position\":false,\"html_id\":\"cierre\",\"classes\":\"cierre\",\"frameOverflow\":\"both\"},{\"type\":\"text\",\"cont\":\"<p class=\\\"p1\\\"><span class=\\\"s1\\\" style=\\\"font-size: 11px; color: #cd9a95;\\\">\\u00a92026 festival paco de luc\\u00eda mallorca<\/span><\/p>\",\"align\":\"bottom\",\"row\":5,\"col\":0,\"colspan\":12,\"offsetx\":0,\"offsety\":0,\"spaceabove\":0,\"spacebelow\":0,\"yvel\":1,\"push\":0,\"relid\":2,\"absolute_position\":false,\"dosync\":false},{\"type\":\"hr\",\"cont\":\"\",\"align\":\"bottom\",\"row\":6,\"col\":0,\"colspan\":12,\"offsetx\":0,\"offsety\":0,\"spaceabove\":0,\"spacebelow\":0,\"yvel\":1,\"push\":0,\"relid\":21,\"absolute_position\":false,\"html_id\":\"cierre\",\"classes\":\"cierre\",\"frameOverflow\":\"both\"},{\"type\":\"text\",\"cont\":\"<p class=\\\"p1\\\" style=\\\"text-align: left;\\\"><a rel=\\\"noopener\\\" href=\\\"https:\/\/www.luziaconzeta.net\\\" target=\\\"_blank\\\"><span class=\\\"s1\\\" style=\\\"font-size: 11px; color: #cd9a95;\\\">DISSENY PER luz\\u00eda<\/span><\/a><\/p>\",\"align\":\"bottom\",\"row\":7,\"col\":0,\"colspan\":12,\"offsetx\":0,\"offsety\":0,\"spaceabove\":0,\"spacebelow\":0,\"yvel\":1,\"push\":0,\"relid\":3,\"absolute_position\":false,\"dosync\":false}]}","_links":{"self":[{"href":"https:\/\/festivalpacodeluciamallorca.com\/ca\/wp-json\/wp\/v2\/pages\/619","targetHints":{"allow":["GET"]}}],"collection":[{"href":"https:\/\/festivalpacodeluciamallorca.com\/ca\/wp-json\/wp\/v2\/pages"}],"about":[{"href":"https:\/\/festivalpacodeluciamallorca.com\/ca\/wp-json\/wp\/v2\/types\/page"}],"author":[{"embeddable":true,"href":"https:\/\/festivalpacodeluciamallorca.com\/ca\/wp-json\/wp\/v2\/users\/1"}],"replies":[{"embeddable":true,"href":"https:\/\/festivalpacodeluciamallorca.com\/ca\/wp-json\/wp\/v2\/comments?post=619"}],"version-history":[{"count":0,"href":"https:\/\/festivalpacodeluciamallorca.com\/ca\/wp-json\/wp\/v2\/pages\/619\/revisions"}],"wp:attachment":[{"href":"https:\/\/festivalpacodeluciamallorca.com\/ca\/wp-json\/wp\/v2\/media?parent=619"}],"curies":[{"name":"wp","href":"https:\/\/api.w.org\/{rel}","templated":true}]}}